{"id":7309,"date":"2026-03-20T16:25:03","date_gmt":"2026-03-20T15:25:03","guid":{"rendered":"https:\/\/galeriejeanlouismandon.com\/?post_type=product&#038;p=7309"},"modified":"2026-03-20T16:48:53","modified_gmt":"2026-03-20T15:48:53","slug":"frederic-marquis-sculpture-frene","status":"publish","type":"product","link":"https:\/\/galeriejeanlouismandon.com\/en\/product\/frederic-marquis-sculpture-frene\/","title":{"rendered":"femme qui s&rsquo;\u00e9tire"},"content":{"rendered":"","protected":false},"excerpt":{"rendered":"<p>fr\u00e9d\u00e9ric marquis<\/p>\n<p>femme qui s&rsquo;\u00e9tire<\/p>\n<p>fr\u00eane<\/p>\n<p>23 x 67 cm<\/p>","protected":false},"featured_media":7310,"comment_status":"closed","ping_status":"closed","template":"","meta":[],"product_cat":[323],"product_tag":[],"acf":[],"yoast_head":"<!-- This site is optimized with the Yoast SEO plugin v19.3 - https:\/\/yoast.com\/wordpress\/plugins\/seo\/ -->\n<title>femme qui s&#039;\u00e9tire - galeriejeanlouismandon<\/title>\n<meta name=\"description\" content=\"D\u00e9couvrez une sculpture de Fr\u00e9d\u00e9ric marquis, en vente \u00e0 la galerie Jean Louis Mandon\" \/>\n<meta name=\"robots\" content=\"index, follow, max-snippet:-1, max-image-preview:large, max-video-preview:-1\" \/>\n<link rel=\"canonical\" href=\"https:\/\/galeriejeanlouismandon.com\/en\/product\/frederic-marquis-sculpture-frene\/\" \/>\n<meta property=\"og:locale\" content=\"en_US\" \/>\n<meta property=\"og:type\" content=\"article\" \/>\n<meta property=\"og:title\" content=\"femme qui s&#039;\u00e9tire - galeriejeanlouismandon\" \/>\n<meta property=\"og:description\" content=\"D\u00e9couvrez une sculpture de Fr\u00e9d\u00e9ric marquis, en vente \u00e0 la galerie Jean Louis Mandon\" \/>\n<meta property=\"og:url\" content=\"https:\/\/galeriejeanlouismandon.com\/en\/product\/frederic-marquis-sculpture-frene\/\" \/>\n<meta property=\"og:site_name\" content=\"galeriejeanlouismandon\" \/>\n<meta property=\"article:modified_time\" content=\"2026-03-20T15:48:53+00:00\" \/>\n<meta property=\"og:image\" content=\"https:\/\/galeriejeanlouismandon.com\/wp-content\/uploads\/2026\/03\/frederic-marquis-femme-qui-setire-frene-23x67cm-3000E.jpg\" \/>\n\t<meta property=\"og:image:width\" content=\"383\" \/>\n\t<meta property=\"og:image:height\" content=\"331\" \/>\n\t<meta property=\"og:image:type\" content=\"image\/jpeg\" \/>\n<meta name=\"twitter:card\" content=\"summary_large_image\" \/>\n<script type=\"application\/ld+json\" class=\"yoast-schema-graph\">{\"@context\":\"https:\/\/schema.org\",\"@graph\":[{\"@type\":\"WebSite\",\"@id\":\"https:\/\/galeriejeanlouismandon.com\/#website\",\"url\":\"https:\/\/galeriejeanlouismandon.com\/\",\"name\":\"galeriejeanlouismandon\",\"description\":\"Galerie d&#039;art\",\"potentialAction\":[{\"@type\":\"SearchAction\",\"target\":{\"@type\":\"EntryPoint\",\"urlTemplate\":\"https:\/\/galeriejeanlouismandon.com\/?s={search_term_string}\"},\"query-input\":\"required name=search_term_string\"}],\"inLanguage\":\"en-US\"},{\"@type\":\"ImageObject\",\"inLanguage\":\"en-US\",\"@id\":\"https:\/\/galeriejeanlouismandon.com\/product\/frederic-marquis-sculpture-frene\/#primaryimage\",\"url\":\"https:\/\/galeriejeanlouismandon.com\/wp-content\/uploads\/2026\/03\/frederic-marquis-femme-qui-setire-frene-23x67cm-3000E.jpg\",\"contentUrl\":\"https:\/\/galeriejeanlouismandon.com\/wp-content\/uploads\/2026\/03\/frederic-marquis-femme-qui-setire-frene-23x67cm-3000E.jpg\",\"width\":383,\"height\":331,\"caption\":\"fr\u00e9d\u00e9ric marquis-sculpture bois\"},{\"@type\":\"WebPage\",\"@id\":\"https:\/\/galeriejeanlouismandon.com\/product\/frederic-marquis-sculpture-frene\/\",\"url\":\"https:\/\/galeriejeanlouismandon.com\/product\/frederic-marquis-sculpture-frene\/\",\"name\":\"femme qui s'\u00e9tire - galeriejeanlouismandon\",\"isPartOf\":{\"@id\":\"https:\/\/galeriejeanlouismandon.com\/#website\"},\"primaryImageOfPage\":{\"@id\":\"https:\/\/galeriejeanlouismandon.com\/product\/frederic-marquis-sculpture-frene\/#primaryimage\"},\"datePublished\":\"2026-03-20T15:25:03+00:00\",\"dateModified\":\"2026-03-20T15:48:53+00:00\",\"description\":\"D\u00e9couvrez une sculpture de Fr\u00e9d\u00e9ric marquis, en vente \u00e0 la galerie Jean Louis Mandon\",\"breadcrumb\":{\"@id\":\"https:\/\/galeriejeanlouismandon.com\/product\/frederic-marquis-sculpture-frene\/#breadcrumb\"},\"inLanguage\":\"en-US\",\"potentialAction\":[{\"@type\":\"ReadAction\",\"target\":[\"https:\/\/galeriejeanlouismandon.com\/product\/frederic-marquis-sculpture-frene\/\"]}]},{\"@type\":\"BreadcrumbList\",\"@id\":\"https:\/\/galeriejeanlouismandon.com\/product\/frederic-marquis-sculpture-frene\/#breadcrumb\",\"itemListElement\":[{\"@type\":\"ListItem\",\"position\":1,\"name\":\"Accueil\",\"item\":\"https:\/\/galeriejeanlouismandon.com\/\"},{\"@type\":\"ListItem\",\"position\":2,\"name\":\"Products\",\"item\":\"http:\/\/galeriejeanlouismandon.com\/en\/vente-en-ligne\/\"},{\"@type\":\"ListItem\",\"position\":3,\"name\":\"femme qui s&rsquo;\u00e9tire\"}]}]}<\/script>\n<!-- \/ Yoast SEO plugin. -->","yoast_head_json":{"title":"femme qui s'\u00e9tire - galeriejeanlouismandon","description":"D\u00e9couvrez une sculpture de Fr\u00e9d\u00e9ric marquis, en vente \u00e0 la galerie Jean Louis Mandon","robots":{"index":"index","follow":"follow","max-snippet":"max-snippet:-1","max-image-preview":"max-image-preview:large","max-video-preview":"max-video-preview:-1"},"canonical":"https:\/\/galeriejeanlouismandon.com\/en\/product\/frederic-marquis-sculpture-frene\/","og_locale":"en_US","og_type":"article","og_title":"femme qui s'\u00e9tire - galeriejeanlouismandon","og_description":"D\u00e9couvrez une sculpture de Fr\u00e9d\u00e9ric marquis, en vente \u00e0 la galerie Jean Louis Mandon","og_url":"https:\/\/galeriejeanlouismandon.com\/en\/product\/frederic-marquis-sculpture-frene\/","og_site_name":"galeriejeanlouismandon","article_modified_time":"2026-03-20T15:48:53+00:00","og_image":[{"width":383,"height":331,"url":"https:\/\/galeriejeanlouismandon.com\/wp-content\/uploads\/2026\/03\/frederic-marquis-femme-qui-setire-frene-23x67cm-3000E.jpg","type":"image\/jpeg"}],"twitter_card":"summary_large_image","schema":{"@context":"https:\/\/schema.org","@graph":[{"@type":"WebSite","@id":"https:\/\/galeriejeanlouismandon.com\/#website","url":"https:\/\/galeriejeanlouismandon.com\/","name":"galleryjeanlouismandon","description":"Galerie d&#039;art","potentialAction":[{"@type":"SearchAction","target":{"@type":"EntryPoint","urlTemplate":"https:\/\/galeriejeanlouismandon.com\/?s={search_term_string}"},"query-input":"required name=search_term_string"}],"inLanguage":"en-US"},{"@type":"ImageObject","inLanguage":"en-US","@id":"https:\/\/galeriejeanlouismandon.com\/product\/frederic-marquis-sculpture-frene\/#primaryimage","url":"https:\/\/galeriejeanlouismandon.com\/wp-content\/uploads\/2026\/03\/frederic-marquis-femme-qui-setire-frene-23x67cm-3000E.jpg","contentUrl":"https:\/\/galeriejeanlouismandon.com\/wp-content\/uploads\/2026\/03\/frederic-marquis-femme-qui-setire-frene-23x67cm-3000E.jpg","width":383,"height":331,"caption":"fr\u00e9d\u00e9ric marquis-sculpture bois"},{"@type":"WebPage","@id":"https:\/\/galeriejeanlouismandon.com\/product\/frederic-marquis-sculpture-frene\/","url":"https:\/\/galeriejeanlouismandon.com\/product\/frederic-marquis-sculpture-frene\/","name":"femme qui s'\u00e9tire - galeriejeanlouismandon","isPartOf":{"@id":"https:\/\/galeriejeanlouismandon.com\/#website"},"primaryImageOfPage":{"@id":"https:\/\/galeriejeanlouismandon.com\/product\/frederic-marquis-sculpture-frene\/#primaryimage"},"datePublished":"2026-03-20T15:25:03+00:00","dateModified":"2026-03-20T15:48:53+00:00","description":"D\u00e9couvrez une sculpture de Fr\u00e9d\u00e9ric marquis, en vente \u00e0 la galerie Jean Louis Mandon","breadcrumb":{"@id":"https:\/\/galeriejeanlouismandon.com\/product\/frederic-marquis-sculpture-frene\/#breadcrumb"},"inLanguage":"en-US","potentialAction":[{"@type":"ReadAction","target":["https:\/\/galeriejeanlouismandon.com\/product\/frederic-marquis-sculpture-frene\/"]}]},{"@type":"BreadcrumbList","@id":"https:\/\/galeriejeanlouismandon.com\/product\/frederic-marquis-sculpture-frene\/#breadcrumb","itemListElement":[{"@type":"ListItem","position":1,"name":"Accueil","item":"https:\/\/galeriejeanlouismandon.com\/"},{"@type":"ListItem","position":2,"name":"Products","item":"http:\/\/galeriejeanlouismandon.com\/en\/vente-en-ligne\/"},{"@type":"ListItem","position":3,"name":"femme qui s&rsquo;\u00e9tire"}]}]}},"_links":{"self":[{"href":"https:\/\/galeriejeanlouismandon.com\/en\/wp-json\/wp\/v2\/product\/7309"}],"collection":[{"href":"https:\/\/galeriejeanlouismandon.com\/en\/wp-json\/wp\/v2\/product"}],"about":[{"href":"https:\/\/galeriejeanlouismandon.com\/en\/wp-json\/wp\/v2\/types\/product"}],"replies":[{"embeddable":true,"href":"https:\/\/galeriejeanlouismandon.com\/en\/wp-json\/wp\/v2\/comments?post=7309"}],"wp:featuredmedia":[{"embeddable":true,"href":"https:\/\/galeriejeanlouismandon.com\/en\/wp-json\/wp\/v2\/media\/7310"}],"wp:attachment":[{"href":"https:\/\/galeriejeanlouismandon.com\/en\/wp-json\/wp\/v2\/media?parent=7309"}],"wp:term":[{"taxonomy":"product_cat","embeddable":true,"href":"https:\/\/galeriejeanlouismandon.com\/en\/wp-json\/wp\/v2\/product_cat?post=7309"},{"taxonomy":"product_tag","embeddable":true,"href":"https:\/\/galeriejeanlouismandon.com\/en\/wp-json\/wp\/v2\/product_tag?post=7309"}],"curies":[{"name":"wp","href":"https:\/\/api.w.org\/{rel}","templated":true}]}}