{"id":7269,"date":"2026-03-18T18:36:59","date_gmt":"2026-03-18T17:36:59","guid":{"rendered":"https:\/\/galeriejeanlouismandon.com\/?post_type=product&#038;p=7269"},"modified":"2026-03-18T18:37:00","modified_gmt":"2026-03-18T17:37:00","slug":"7269","status":"publish","type":"product","link":"https:\/\/galeriejeanlouismandon.com\/en\/product\/7269\/","title":{"rendered":""},"content":{"rendered":"","protected":false},"excerpt":{"rendered":"<p>florence r\u00e9rolle<\/p>\n<p>huile sur toile de lin<\/p>\n<p>90 \u00d7 30 cm<\/p>","protected":false},"featured_media":7262,"comment_status":"closed","ping_status":"closed","template":"","meta":[],"product_cat":[322],"product_tag":[],"acf":[],"yoast_head":"<!-- This site is optimized with the Yoast SEO plugin v19.3 - https:\/\/yoast.com\/wordpress\/plugins\/seo\/ -->\n<title>- galeriejeanlouismandon<\/title>\n<meta name=\"robots\" content=\"index, follow, max-snippet:-1, max-image-preview:large, max-video-preview:-1\" \/>\n<link rel=\"canonical\" href=\"https:\/\/galeriejeanlouismandon.com\/en\/product\/7269\/\" \/>\n<meta property=\"og:locale\" content=\"en_US\" \/>\n<meta property=\"og:type\" content=\"article\" \/>\n<meta property=\"og:title\" content=\"- galeriejeanlouismandon\" \/>\n<meta property=\"og:description\" content=\"florence r\u00e9rolle  huile sur toile de lin  90 \u00d7 30 cm\" \/>\n<meta property=\"og:url\" content=\"https:\/\/galeriejeanlouismandon.com\/en\/product\/7269\/\" \/>\n<meta property=\"og:site_name\" content=\"galeriejeanlouismandon\" \/>\n<meta property=\"article:modified_time\" content=\"2026-03-18T17:37:00+00:00\" \/>\n<meta property=\"og:image\" content=\"https:\/\/galeriejeanlouismandon.com\/wp-content\/uploads\/2026\/03\/479-florence-rerolle-huile-sur-toile-de-lin-90\u00d730cm-1300E..jpeg\" \/>\n\t<meta property=\"og:image:width\" content=\"491\" \/>\n\t<meta property=\"og:image:height\" content=\"1500\" \/>\n\t<meta property=\"og:image:type\" content=\"image\/jpeg\" \/>\n<meta name=\"twitter:card\" content=\"summary_large_image\" \/>\n<script type=\"application\/ld+json\" class=\"yoast-schema-graph\">{\"@context\":\"https:\/\/schema.org\",\"@graph\":[{\"@type\":\"WebSite\",\"@id\":\"https:\/\/galeriejeanlouismandon.com\/#website\",\"url\":\"https:\/\/galeriejeanlouismandon.com\/\",\"name\":\"galeriejeanlouismandon\",\"description\":\"Galerie d&#039;art\",\"potentialAction\":[{\"@type\":\"SearchAction\",\"target\":{\"@type\":\"EntryPoint\",\"urlTemplate\":\"https:\/\/galeriejeanlouismandon.com\/?s={search_term_string}\"},\"query-input\":\"required name=search_term_string\"}],\"inLanguage\":\"en-US\"},{\"@type\":\"ImageObject\",\"inLanguage\":\"en-US\",\"@id\":\"https:\/\/galeriejeanlouismandon.com\/product\/7269\/#primaryimage\",\"url\":\"https:\/\/galeriejeanlouismandon.com\/wp-content\/uploads\/2026\/03\/479-florence-rerolle-huile-sur-toile-de-lin-90\u00d730cm-1300E..jpeg\",\"contentUrl\":\"https:\/\/galeriejeanlouismandon.com\/wp-content\/uploads\/2026\/03\/479-florence-rerolle-huile-sur-toile-de-lin-90\u00d730cm-1300E..jpeg\",\"width\":491,\"height\":1500,\"caption\":\"Florence R\u00e9rolle int\u00e9rieur\"},{\"@type\":\"WebPage\",\"@id\":\"https:\/\/galeriejeanlouismandon.com\/product\/7269\/\",\"url\":\"https:\/\/galeriejeanlouismandon.com\/product\/7269\/\",\"name\":\"- galeriejeanlouismandon\",\"isPartOf\":{\"@id\":\"https:\/\/galeriejeanlouismandon.com\/#website\"},\"primaryImageOfPage\":{\"@id\":\"https:\/\/galeriejeanlouismandon.com\/product\/7269\/#primaryimage\"},\"datePublished\":\"2026-03-18T17:36:59+00:00\",\"dateModified\":\"2026-03-18T17:37:00+00:00\",\"breadcrumb\":{\"@id\":\"https:\/\/galeriejeanlouismandon.com\/product\/7269\/#breadcrumb\"},\"inLanguage\":\"en-US\",\"potentialAction\":[{\"@type\":\"ReadAction\",\"target\":[\"https:\/\/galeriejeanlouismandon.com\/product\/7269\/\"]}]},{\"@type\":\"BreadcrumbList\",\"@id\":\"https:\/\/galeriejeanlouismandon.com\/product\/7269\/#breadcrumb\",\"itemListElement\":[{\"@type\":\"ListItem\",\"position\":1,\"name\":\"Accueil\",\"item\":\"https:\/\/galeriejeanlouismandon.com\/\"},{\"@type\":\"ListItem\",\"position\":2,\"name\":\"Products\",\"item\":\"http:\/\/galeriejeanlouismandon.com\/en\/vente-en-ligne\/\"},{\"@type\":\"ListItem\",\"position\":3,\"name\":\"\"}]}]}<\/script>\n<!-- \/ Yoast SEO plugin. -->","yoast_head_json":{"title":"- galeriejeanlouismandon","robots":{"index":"index","follow":"follow","max-snippet":"max-snippet:-1","max-image-preview":"max-image-preview:large","max-video-preview":"max-video-preview:-1"},"canonical":"https:\/\/galeriejeanlouismandon.com\/en\/product\/7269\/","og_locale":"en_US","og_type":"article","og_title":"- galeriejeanlouismandon","og_description":"florence r\u00e9rolle  huile sur toile de lin  90 \u00d7 30 cm","og_url":"https:\/\/galeriejeanlouismandon.com\/en\/product\/7269\/","og_site_name":"galeriejeanlouismandon","article_modified_time":"2026-03-18T17:37:00+00:00","og_image":[{"width":491,"height":1500,"url":"https:\/\/galeriejeanlouismandon.com\/wp-content\/uploads\/2026\/03\/479-florence-rerolle-huile-sur-toile-de-lin-90\u00d730cm-1300E..jpeg","type":"image\/jpeg"}],"twitter_card":"summary_large_image","schema":{"@context":"https:\/\/schema.org","@graph":[{"@type":"WebSite","@id":"https:\/\/galeriejeanlouismandon.com\/#website","url":"https:\/\/galeriejeanlouismandon.com\/","name":"galleryjeanlouismandon","description":"Galerie d&#039;art","potentialAction":[{"@type":"SearchAction","target":{"@type":"EntryPoint","urlTemplate":"https:\/\/galeriejeanlouismandon.com\/?s={search_term_string}"},"query-input":"required name=search_term_string"}],"inLanguage":"en-US"},{"@type":"ImageObject","inLanguage":"en-US","@id":"https:\/\/galeriejeanlouismandon.com\/product\/7269\/#primaryimage","url":"https:\/\/galeriejeanlouismandon.com\/wp-content\/uploads\/2026\/03\/479-florence-rerolle-huile-sur-toile-de-lin-90\u00d730cm-1300E..jpeg","contentUrl":"https:\/\/galeriejeanlouismandon.com\/wp-content\/uploads\/2026\/03\/479-florence-rerolle-huile-sur-toile-de-lin-90\u00d730cm-1300E..jpeg","width":491,"height":1500,"caption":"Florence R\u00e9rolle int\u00e9rieur"},{"@type":"WebPage","@id":"https:\/\/galeriejeanlouismandon.com\/product\/7269\/","url":"https:\/\/galeriejeanlouismandon.com\/product\/7269\/","name":"- galeriejeanlouismandon","isPartOf":{"@id":"https:\/\/galeriejeanlouismandon.com\/#website"},"primaryImageOfPage":{"@id":"https:\/\/galeriejeanlouismandon.com\/product\/7269\/#primaryimage"},"datePublished":"2026-03-18T17:36:59+00:00","dateModified":"2026-03-18T17:37:00+00:00","breadcrumb":{"@id":"https:\/\/galeriejeanlouismandon.com\/product\/7269\/#breadcrumb"},"inLanguage":"en-US","potentialAction":[{"@type":"ReadAction","target":["https:\/\/galeriejeanlouismandon.com\/product\/7269\/"]}]},{"@type":"BreadcrumbList","@id":"https:\/\/galeriejeanlouismandon.com\/product\/7269\/#breadcrumb","itemListElement":[{"@type":"ListItem","position":1,"name":"Accueil","item":"https:\/\/galeriejeanlouismandon.com\/"},{"@type":"ListItem","position":2,"name":"Products","item":"http:\/\/galeriejeanlouismandon.com\/en\/vente-en-ligne\/"},{"@type":"ListItem","position":3,"name":""}]}]}},"_links":{"self":[{"href":"https:\/\/galeriejeanlouismandon.com\/en\/wp-json\/wp\/v2\/product\/7269"}],"collection":[{"href":"https:\/\/galeriejeanlouismandon.com\/en\/wp-json\/wp\/v2\/product"}],"about":[{"href":"https:\/\/galeriejeanlouismandon.com\/en\/wp-json\/wp\/v2\/types\/product"}],"replies":[{"embeddable":true,"href":"https:\/\/galeriejeanlouismandon.com\/en\/wp-json\/wp\/v2\/comments?post=7269"}],"wp:featuredmedia":[{"embeddable":true,"href":"https:\/\/galeriejeanlouismandon.com\/en\/wp-json\/wp\/v2\/media\/7262"}],"wp:attachment":[{"href":"https:\/\/galeriejeanlouismandon.com\/en\/wp-json\/wp\/v2\/media?parent=7269"}],"wp:term":[{"taxonomy":"product_cat","embeddable":true,"href":"https:\/\/galeriejeanlouismandon.com\/en\/wp-json\/wp\/v2\/product_cat?post=7269"},{"taxonomy":"product_tag","embeddable":true,"href":"https:\/\/galeriejeanlouismandon.com\/en\/wp-json\/wp\/v2\/product_tag?post=7269"}],"curies":[{"name":"wp","href":"https:\/\/api.w.org\/{rel}","templated":true}]}}