{"id":4817,"date":"2020-10-27T17:31:44","date_gmt":"2020-10-27T16:31:44","guid":{"rendered":"https:\/\/galeriejeanlouismandon.com\/?post_type=product&#038;p=4817"},"modified":"2021-01-26T10:46:02","modified_gmt":"2021-01-26T09:46:02","slug":"e-rogniat-3","status":"publish","type":"product","link":"https:\/\/galeriejeanlouismandon.com\/en\/product\/e-rogniat-3\/","title":{"rendered":"E. ROGNIAT"},"content":{"rendered":"","protected":false},"excerpt":{"rendered":"<p>composition colori\u00e9e num\u00e9rique.<\/p>\n<p>40 x 40 cm<\/p>\n<p>unframed<\/p>","protected":false},"featured_media":4814,"comment_status":"closed","ping_status":"closed","template":"","meta":[],"product_cat":[276],"product_tag":[],"acf":[],"yoast_head":"<!-- This site is optimized with the Yoast SEO plugin v19.3 - https:\/\/yoast.com\/wordpress\/plugins\/seo\/ -->\n<title>E. ROGNIAT - galeriejeanlouismandon<\/title>\n<meta name=\"robots\" content=\"index, follow, max-snippet:-1, max-image-preview:large, max-video-preview:-1\" \/>\n<link rel=\"canonical\" href=\"https:\/\/galeriejeanlouismandon.com\/en\/product\/e-rogniat-3\/\" \/>\n<meta property=\"og:locale\" content=\"en_US\" \/>\n<meta property=\"og:type\" content=\"article\" \/>\n<meta property=\"og:title\" content=\"E. ROGNIAT - galeriejeanlouismandon\" \/>\n<meta property=\"og:description\" content=\"composition colori\u00e9e num\u00e9rique.  40 x 40 cm  non encadr\u00e9e\" \/>\n<meta property=\"og:url\" content=\"https:\/\/galeriejeanlouismandon.com\/en\/product\/e-rogniat-3\/\" \/>\n<meta property=\"og:site_name\" content=\"galeriejeanlouismandon\" \/>\n<meta property=\"article:modified_time\" content=\"2021-01-26T09:46:02+00:00\" \/>\n<meta property=\"og:image\" content=\"https:\/\/galeriejeanlouismandon.com\/wp-content\/uploads\/2020\/10\/Tendresse-photo-40x40cm-320e.jpeg\" \/>\n\t<meta property=\"og:image:width\" content=\"480\" \/>\n\t<meta property=\"og:image:height\" content=\"480\" \/>\n\t<meta property=\"og:image:type\" content=\"image\/jpeg\" \/>\n<meta name=\"twitter:card\" content=\"summary_large_image\" \/>\n<script type=\"application\/ld+json\" class=\"yoast-schema-graph\">{\"@context\":\"https:\/\/schema.org\",\"@graph\":[{\"@type\":\"WebSite\",\"@id\":\"https:\/\/galeriejeanlouismandon.com\/#website\",\"url\":\"https:\/\/galeriejeanlouismandon.com\/\",\"name\":\"galeriejeanlouismandon\",\"description\":\"Galerie d&#039;art\",\"potentialAction\":[{\"@type\":\"SearchAction\",\"target\":{\"@type\":\"EntryPoint\",\"urlTemplate\":\"https:\/\/galeriejeanlouismandon.com\/?s={search_term_string}\"},\"query-input\":\"required name=search_term_string\"}],\"inLanguage\":\"en-US\"},{\"@type\":\"ImageObject\",\"inLanguage\":\"en-US\",\"@id\":\"https:\/\/galeriejeanlouismandon.com\/en\/product\/e-rogniat-3\/#primaryimage\",\"url\":\"https:\/\/galeriejeanlouismandon.com\/wp-content\/uploads\/2020\/10\/Tendresse-photo-40x40cm-320e.jpeg\",\"contentUrl\":\"https:\/\/galeriejeanlouismandon.com\/wp-content\/uploads\/2020\/10\/Tendresse-photo-40x40cm-320e.jpeg\",\"width\":480,\"height\":480},{\"@type\":\"WebPage\",\"@id\":\"https:\/\/galeriejeanlouismandon.com\/en\/product\/e-rogniat-3\/\",\"url\":\"https:\/\/galeriejeanlouismandon.com\/en\/product\/e-rogniat-3\/\",\"name\":\"E. ROGNIAT - galeriejeanlouismandon\",\"isPartOf\":{\"@id\":\"https:\/\/galeriejeanlouismandon.com\/#website\"},\"primaryImageOfPage\":{\"@id\":\"https:\/\/galeriejeanlouismandon.com\/en\/product\/e-rogniat-3\/#primaryimage\"},\"datePublished\":\"2020-10-27T16:31:44+00:00\",\"dateModified\":\"2021-01-26T09:46:02+00:00\",\"breadcrumb\":{\"@id\":\"https:\/\/galeriejeanlouismandon.com\/en\/product\/e-rogniat-3\/#breadcrumb\"},\"inLanguage\":\"en-US\",\"potentialAction\":[{\"@type\":\"ReadAction\",\"target\":[\"https:\/\/galeriejeanlouismandon.com\/en\/product\/e-rogniat-3\/\"]}]},{\"@type\":\"BreadcrumbList\",\"@id\":\"https:\/\/galeriejeanlouismandon.com\/en\/product\/e-rogniat-3\/#breadcrumb\",\"itemListElement\":[{\"@type\":\"ListItem\",\"position\":1,\"name\":\"Accueil\",\"item\":\"https:\/\/galeriejeanlouismandon.com\/\"},{\"@type\":\"ListItem\",\"position\":2,\"name\":\"Products\",\"item\":\"http:\/\/galeriejeanlouismandon.com\/en\/vente-en-ligne\/\"},{\"@type\":\"ListItem\",\"position\":3,\"name\":\"E. ROGNIAT\"}]}]}<\/script>\n<!-- \/ Yoast SEO plugin. -->","yoast_head_json":{"title":"E. ROGNIAT - galeriejeanlouismandon","robots":{"index":"index","follow":"follow","max-snippet":"max-snippet:-1","max-image-preview":"max-image-preview:large","max-video-preview":"max-video-preview:-1"},"canonical":"https:\/\/galeriejeanlouismandon.com\/en\/product\/e-rogniat-3\/","og_locale":"en_US","og_type":"article","og_title":"E. ROGNIAT - galeriejeanlouismandon","og_description":"composition colori\u00e9e num\u00e9rique.  40 x 40 cm  non encadr\u00e9e","og_url":"https:\/\/galeriejeanlouismandon.com\/en\/product\/e-rogniat-3\/","og_site_name":"galeriejeanlouismandon","article_modified_time":"2021-01-26T09:46:02+00:00","og_image":[{"width":480,"height":480,"url":"https:\/\/galeriejeanlouismandon.com\/wp-content\/uploads\/2020\/10\/Tendresse-photo-40x40cm-320e.jpeg","type":"image\/jpeg"}],"twitter_card":"summary_large_image","schema":{"@context":"https:\/\/schema.org","@graph":[{"@type":"WebSite","@id":"https:\/\/galeriejeanlouismandon.com\/#website","url":"https:\/\/galeriejeanlouismandon.com\/","name":"galleryjeanlouismandon","description":"Galerie d&#039;art","potentialAction":[{"@type":"SearchAction","target":{"@type":"EntryPoint","urlTemplate":"https:\/\/galeriejeanlouismandon.com\/?s={search_term_string}"},"query-input":"required name=search_term_string"}],"inLanguage":"en-US"},{"@type":"ImageObject","inLanguage":"en-US","@id":"https:\/\/galeriejeanlouismandon.com\/en\/product\/e-rogniat-3\/#primaryimage","url":"https:\/\/galeriejeanlouismandon.com\/wp-content\/uploads\/2020\/10\/Tendresse-photo-40x40cm-320e.jpeg","contentUrl":"https:\/\/galeriejeanlouismandon.com\/wp-content\/uploads\/2020\/10\/Tendresse-photo-40x40cm-320e.jpeg","width":480,"height":480},{"@type":"WebPage","@id":"https:\/\/galeriejeanlouismandon.com\/en\/product\/e-rogniat-3\/","url":"https:\/\/galeriejeanlouismandon.com\/en\/product\/e-rogniat-3\/","name":"E. ROGNIAT - galeriejeanlouismandon","isPartOf":{"@id":"https:\/\/galeriejeanlouismandon.com\/#website"},"primaryImageOfPage":{"@id":"https:\/\/galeriejeanlouismandon.com\/en\/product\/e-rogniat-3\/#primaryimage"},"datePublished":"2020-10-27T16:31:44+00:00","dateModified":"2021-01-26T09:46:02+00:00","breadcrumb":{"@id":"https:\/\/galeriejeanlouismandon.com\/en\/product\/e-rogniat-3\/#breadcrumb"},"inLanguage":"en-US","potentialAction":[{"@type":"ReadAction","target":["https:\/\/galeriejeanlouismandon.com\/en\/product\/e-rogniat-3\/"]}]},{"@type":"BreadcrumbList","@id":"https:\/\/galeriejeanlouismandon.com\/en\/product\/e-rogniat-3\/#breadcrumb","itemListElement":[{"@type":"ListItem","position":1,"name":"Accueil","item":"https:\/\/galeriejeanlouismandon.com\/"},{"@type":"ListItem","position":2,"name":"Products","item":"http:\/\/galeriejeanlouismandon.com\/en\/vente-en-ligne\/"},{"@type":"ListItem","position":3,"name":"E. ROGNIAT"}]}]}},"_links":{"self":[{"href":"https:\/\/galeriejeanlouismandon.com\/en\/wp-json\/wp\/v2\/product\/4817"}],"collection":[{"href":"https:\/\/galeriejeanlouismandon.com\/en\/wp-json\/wp\/v2\/product"}],"about":[{"href":"https:\/\/galeriejeanlouismandon.com\/en\/wp-json\/wp\/v2\/types\/product"}],"replies":[{"embeddable":true,"href":"https:\/\/galeriejeanlouismandon.com\/en\/wp-json\/wp\/v2\/comments?post=4817"}],"wp:featuredmedia":[{"embeddable":true,"href":"https:\/\/galeriejeanlouismandon.com\/en\/wp-json\/wp\/v2\/media\/4814"}],"wp:attachment":[{"href":"https:\/\/galeriejeanlouismandon.com\/en\/wp-json\/wp\/v2\/media?parent=4817"}],"wp:term":[{"taxonomy":"product_cat","embeddable":true,"href":"https:\/\/galeriejeanlouismandon.com\/en\/wp-json\/wp\/v2\/product_cat?post=4817"},{"taxonomy":"product_tag","embeddable":true,"href":"https:\/\/galeriejeanlouismandon.com\/en\/wp-json\/wp\/v2\/product_tag?post=4817"}],"curies":[{"name":"wp","href":"https:\/\/api.w.org\/{rel}","templated":true}]}}