{"id":4873,"date":"2020-11-18T14:43:14","date_gmt":"2020-11-18T13:43:14","guid":{"rendered":"https:\/\/galeriejeanlouismandon.com\/?page_id=4873"},"modified":"2020-11-18T15:59:34","modified_gmt":"2020-11-18T14:59:34","slug":"4873-2","status":"publish","type":"page","link":"https:\/\/galeriejeanlouismandon.com\/en\/4873-2\/","title":{"rendered":"Conditions g\u00e9n\u00e9rales de vente"},"content":{"rendered":"<p class=\"article__item article__item--para\">galerie jean louis mandon<br \/>\nSi\u00e8ge social : 3 rue vaubecour &#8211; 69002 &#8211; lyon<\/p>\n<p class=\"article__item article__item--para\">N\u00b0 de t\u00e9l\u00e9phone : 0682996663 \u00a0courriel : galeriejeanlouismandon@gmail.com<br \/>\nRCS 820 182 046\u00a0de lyon<\/p>\n<p class=\"article__item article__item--para\">N\u00b0 individuel d&rsquo;identification fiscal : 1677239313365<\/p>\n<p class=\"article__item article__item--para\">Conditions g\u00e9n\u00e9rales de vente des produits vendus sur galeriejeanlouismandon.com<\/p>\n<p class=\"article__item article__item--para\">Date de derni\u00e8re mise \u00e0 jour : 18 novembre 2020<\/p>\n<p class=\"article__item article__item--question question\"><strong>Article 1 &#8211; Objet<\/strong><\/p>\n<p class=\"article__item article__item--para\">Les pr\u00e9sentes conditions r\u00e9gissent les ventes par la galerie jean louis mandon 3 rue vaubecour- 69002 &#8211; lyon. (oeuvres d&rsquo;art et curiosit\u00e9s).<\/p>\n<p class=\"article__item article__item--question question\"><strong>Article 2 &#8211; Prix<\/strong><\/p>\n<p class=\"article__item article__item--para\">Les prix de nos produits sont indiqu\u00e9s en euros toutes taxes comprises (TVA et autres taxes applicables au jour de la commande), sauf indication contraire et hors frais de traitement et d&rsquo;exp\u00e9dition.<\/p>\n<p class=\"article__item article__item--para\">En cas de commande vers un pays autre que la France m\u00e9tropolitaine vous \u00eates l&rsquo;importateur du ou des produits concern\u00e9s. Des droits de douane ou autres taxes locales ou droits d&rsquo;importation ou taxes d&rsquo;\u00e9tat sont susceptibles d&rsquo;\u00eatre exigibles. Ces droits et sommes ne rel\u00e8vent pas du ressort de la galerie jean louis mandon.Ils seront \u00e0 votre charge et rel\u00e8vent de votre enti\u00e8re responsabilit\u00e9, tant en termes de d\u00e9clarations que de paiements aux autorit\u00e9s et organismes comp\u00e9tents de votre pays. Nous vous conseillons de vous renseigner sur ces aspects aupr\u00e8s de vos autorit\u00e9s locales.<\/p>\n<p class=\"article__item article__item--para\">Toutes les commandes quelle que soit leur origine sont payables en euros.<\/p>\n<p class=\"article__item article__item--para\">La galerie jean louis mandon se r\u00e9serve le droit de modifier ses prix \u00e0 tout moment, mais le produit sera factur\u00e9 sur la base du tarif en vigueur au moment de la validation de la commande et sous r\u00e9serve de disponibilit\u00e9.<\/p>\n<p class=\"article__item article__item--para\">Les produits demeurent la propri\u00e9t\u00e9 de la galerie jean louis mandon jusqu&rsquo;au paiement complet du prix.<\/p>\n<p class=\"article__item article__item--para\">Attention : d\u00e8s que vous prenez possession physiquement des produits command\u00e9s, les risques de perte ou d&rsquo;endommagement des produits vous sont transf\u00e9r\u00e9s.<\/p>\n<p class=\"article__item article__item--question question\"><strong>Article 3 &#8211; Commandes<\/strong><\/p>\n<p class=\"article__item article__item--para\">Vous pouvez passer commande :<\/p>\n<p class=\"article__item article__item--para\">D\u00e9tailler les modalit\u00e9s choisies, par exemple :<\/p>\n<ul class=\"article__item article__item--ul\">\n<li class=\"article__item--li\">Sur Internet : galeriejeanlouismandon.com<\/li>\n<li class=\"article__item--li\">Par t\u00e9l\u00e9phone au 0682996663 \u00a0du lundi au vendredi \u00a0de 14 \u00e0 20h.<\/li>\n<\/ul>\n<p class=\"article__item article__item--para\">Les informations contractuelles sont pr\u00e9sent\u00e9es en langue fran\u00e7aise et feront l&rsquo;objet d&rsquo;une confirmation au plus tard au moment de la validation de votre commande.<\/p>\n<p class=\"article__item article__item--para\">La soci\u00e9t\u00e9 galerie jean louis mandon \u00a0se r\u00e9serve le droit de ne pas enregistrer un paiement, et de ne pas confirmer une commande pour quelque raison que ce soit, et plus particuli\u00e8rement en cas de probl\u00e8me d&rsquo;approvisionnement, ou en cas de difficult\u00e9 concernant la commande re\u00e7ue.<\/p>\n<p class=\"article__item article__item--question question\"><strong>Article 4 &#8211; Validation de votre commande<\/strong><\/p>\n<p class=\"article__item article__item--para\">Toute commande figurant sur le site Internet galeriejeanlouismandon.com suppose l&rsquo;adh\u00e9sion aux pr\u00e9sentes Conditions G\u00e9n\u00e9rales. Toute confirmation de commande entra\u00eene votre adh\u00e9sion pleine et enti\u00e8re aux pr\u00e9sentes conditions g\u00e9n\u00e9rales de vente, sans exception ni r\u00e9serve.<\/p>\n<p class=\"article__item article__item--para\">L&rsquo;ensemble des donn\u00e9es fournies et la confirmation enregistr\u00e9e vaudront preuve de la transaction.<\/p>\n<p class=\"article__item article__item--para\">Vous d\u00e9clarez en avoir parfaite connaissance.<\/p>\n<p class=\"article__item article__item--para\">La confirmation de commande vaudra signature et acceptation des op\u00e9rations effectu\u00e9es.<\/p>\n<p class=\"article__item article__item--para\">Un r\u00e9capitulatif des informations de votre commande et des pr\u00e9sentes Conditions G\u00e9n\u00e9rales, vous sera communiqu\u00e9 en format PDF\u00a0<em class=\"article__item--italic\">via\u00a0<\/em>l&rsquo;adresse e-mail de confirmation de votre commande.<\/p>\n<p class=\"article__item article__item--question question\"><strong>Article 5 &#8211; Paiement<\/strong><\/p>\n<p class=\"article__item article__item--para\">Le fait de valider votre commande implique pour vous l&rsquo;obligation de payer le prix indiqu\u00e9.<\/p>\n<p class=\"article__item article__item--para\">Le r\u00e8glement de vos achats s&rsquo;effectue par carte bancaire gr\u00e2ce au syst\u00e8me s\u00e9curis\u00e9 stripe ou PayPal.<\/p>\n<p class=\"article__item article__item--para\">Le d\u00e9bit de la carte n&rsquo;est effectu\u00e9 qu&rsquo;au moment de l&rsquo;exp\u00e9dition de la commande. En cas de livraisons fractionn\u00e9es, seuls les produits exp\u00e9di\u00e9s sont d\u00e9bit\u00e9s.<\/p>\n<p class=\"article__item article__item--question question\"><strong>Article 6 &#8211; R\u00e9tractation<\/strong><\/p>\n<p class=\"article__item article__item--para\">Conform\u00e9ment aux dispositions de l&rsquo;article L.121-21 du Code de la Consommation, vous disposez d&rsquo;un d\u00e9lai de r\u00e9tractation de 14 jours \u00e0 compter de la r\u00e9ception de vos produits pour exercer votre droit de r\u00e9traction sans avoir \u00e0 justifier de motifs ni \u00e0 payer de p\u00e9nalit\u00e9.<\/p>\n<p class=\"article__item article__item--para\">Les retours sont \u00e0 effectuer dans leur \u00e9tat d&rsquo;origine et complets (emballage, accessoires, notice). Dans ce cadre, votre responsabilit\u00e9 est engag\u00e9e. Tout dommage subi par le produit \u00e0 cette occasion peut \u00eatre de nature \u00e0 faire \u00e9chec au droit de r\u00e9tractation.<\/p>\n<p class=\"article__item article__item--para\">Les frais de retour sont \u00e0 votre charge.<\/p>\n<p class=\"article__item article__item--para\">En cas d&rsquo;exercice du droit de r\u00e9tractation, la galerie jean louis mandon proc\u00e9dera au remboursement des sommes vers\u00e9es, dans un d\u00e9lai de 14 jours suivant la notification de votre demande et\u00a0<em class=\"article__item--italic\">via<\/em>\u00a0le m\u00eame moyen de paiement que celui utilis\u00e9 lors de la commande.<\/p>\n<p class=\"article__item article__item--para\">EXCEPTIONS AU DROIT DE RETRACTATION<\/p>\n<p class=\"article__item article__item--para\">Conform\u00e9ment aux dispositions de l&rsquo;article L.121-21-8 du Code de la Consommation, le droit de r\u00e9tractation ne s&rsquo;applique pas \u00e0 :<\/p>\n<ul class=\"article__item article__item--ul\">\n<li class=\"article__item--li\">La fourniture de services pleinement ex\u00e9cut\u00e9s avant la fin du d\u00e9lai de r\u00e9tractation et dont l&rsquo;ex\u00e9cution a commenc\u00e9 apr\u00e8s accord pr\u00e9alable expr\u00e8s du consommateur et renoncement expr\u00e8s \u00e0 son droit de r\u00e9tractation.<\/li>\n<li class=\"article__item--li\">La fourniture de biens ou de services dont le prix d\u00e9pend de fluctuations sur le march\u00e9 financier \u00e9chappant au contr\u00f4le du professionnel et susceptibles de se produire pendant le d\u00e9lai de r\u00e9tractation.<\/li>\n<li class=\"article__item--li\">La fourniture de biens confectionn\u00e9s selon les sp\u00e9cifications du consommateur ou nettement personnalis\u00e9s.<\/li>\n<li class=\"article__item--li\">La fourniture de biens susceptibles de se d\u00e9t\u00e9riorer ou de se p\u00e9rimer rapidement.<\/li>\n<li class=\"article__item--li\">La fourniture de biens qui ont \u00e9t\u00e9 descell\u00e9s par le consommateur apr\u00e8s la livraison et qui ne peuvent \u00eatre renvoy\u00e9s pour des raisons d&rsquo;hygi\u00e8ne ou de protection de la sant\u00e9.<\/li>\n<li class=\"article__item--li\">La fourniture de biens qui, apr\u00e8s avoir \u00e9t\u00e9 livr\u00e9s et de par leur nature, sont m\u00e9lang\u00e9s de mani\u00e8re indissociable avec d&rsquo;autres articles ;<\/li>\n<li class=\"article__item--li\">La fourniture de boissons alcoolis\u00e9es dont la livraison est diff\u00e9r\u00e9e au-del\u00e0 de trente jours et dont la valeur convenue \u00e0 la conclusion du contrat d\u00e9pend de fluctuations sur le march\u00e9 \u00e9chappant au contr\u00f4le du professionnel.<\/li>\n<li class=\"article__item--li\">La fourniture d&rsquo;enregistrements audio ou vid\u00e9o ou de logiciels informatiques lorsqu&rsquo;ils ont \u00e9t\u00e9 descell\u00e9s par le consommateur apr\u00e8s la livraison.<\/li>\n<li class=\"article__item--li\">La fourniture d&rsquo;un journal, d&rsquo;un p\u00e9riodique ou d&rsquo;un magazine, sauf pour les contrats d&rsquo;abonnement \u00e0 ces publications.<\/li>\n<li class=\"article__item--li\">Les transactions conclues lors d&rsquo;une ench\u00e8re publique.<\/li>\n<li class=\"article__item--li\">La fourniture d&rsquo;un contenu num\u00e9rique non fourni sur un support mat\u00e9riel dont l&rsquo;ex\u00e9cution a commenc\u00e9 apr\u00e8s accord pr\u00e9alable expr\u00e8s du consommateur et renoncement expr\u00e8s \u00e0 son droit de r\u00e9tractation.<\/li>\n<\/ul>\n<p class=\"article__item article__item--question question\"><strong>Article 7- Disponibilit\u00e9<\/strong><\/p>\n<p class=\"article__item article__item--para\">Nos produits sont propos\u00e9s tant qu&rsquo;ils sont visibles sur le site galeriejeanlouismandon.com et dans la limite des stocks disponibles.<br \/>\nEn cas d&rsquo;indisponibilit\u00e9 de produit apr\u00e8s passation de votre commande, nous vous en informerons par mail. Votre commande sera automatiquement annul\u00e9e et aucun d\u00e9bit bancaire ne sera effectu\u00e9.<\/p>\n<p class=\"article__item article__item--para\">En outre, le site Internet galeriejeanlouismandon.com n&rsquo;a pas vocation \u00e0 vendre ses produits en quantit\u00e9s importantes. Par cons\u00e9quent la soci\u00e9t\u00e9 galeriejeanlouismandon.com se r\u00e9serve le droit de refuser les commandes de 2 articles identiques.<\/p>\n<p class=\"article__item article__item--question question\"><strong>Article 8 &#8211; Livraison<\/strong><\/p>\n<p class=\"article__item article__item--para\">Les produits sont livr\u00e9s \u00e0 l&rsquo;adresse de livraison indiqu\u00e9e au cours du processus de commande, dans le d\u00e9lai indiqu\u00e9 sur la page de validation de la commande.<\/p>\n<p class=\"article__item article__item--para\">En cas de retard d&rsquo;exp\u00e9dition, un mail vous sera adress\u00e9 pour vous informer d&rsquo;une \u00e9ventuelle cons\u00e9quence sur le d\u00e9lai de livraison qui vous a \u00e9t\u00e9 indiqu\u00e9.<\/p>\n<p class=\"article__item article__item--para\">Conform\u00e9ment aux dispositions l\u00e9gales, en cas de retard de livraison, vous b\u00e9n\u00e9ficiez de la possibilit\u00e9 d&rsquo;annuler la commande dans les conditions et modalit\u00e9s d\u00e9finies \u00e0 l&rsquo;article L 138-2 du Code de la Consommation. Si entre temps vous recevez le produit nous proc\u00e9derons \u00e0 son remboursement et aux frais d&rsquo;acheminement dans les conditions de l&rsquo;article L 138-3 du Code de la Consommation.<\/p>\n<p class=\"article__item article__item--para\">En cas de livraisons par une transporteur, la galerie jean louis mandon ne peut \u00eatre tenue pour responsable de retard de livraison d\u00fb exclusivement \u00e0 une indisponibilit\u00e9 du client apr\u00e8s plusieurs propositions de rendez-vous.<\/p>\n<p class=\"article__item article__item--question question\">Article 9 &#8211; Garantie<\/p>\n<p class=\"article__item article__item--para\">Tous nos produits b\u00e9n\u00e9ficient de la garantie l\u00e9gale de conformit\u00e9 et de la garantie des vices cach\u00e9s, pr\u00e9vues par les articles 1641 et suivants du Code civil. En cas de non-conformit\u00e9 d&rsquo;un produit vendu, il pourra \u00eatre retourn\u00e9, \u00e9chang\u00e9 ou rembours\u00e9.<\/p>\n<p class=\"article__item article__item--para\">Toutes les r\u00e9clamations, demandes d&rsquo;\u00e9change ou de remboursement doivent s&rsquo;effectuer par mails dans le d\u00e9lai de 30 jours de la livraison.<\/p>\n<p class=\"article__item article__item--para\">Les produits doivent nous \u00eatre retourn\u00e9s dans l&rsquo;\u00e9tat dans lequel vous les avez re\u00e7us avec l&rsquo;ensemble des \u00e9l\u00e9ments (accessoires, emballage, notice&#8230;). Les frais d&rsquo;envoi vous seront rembours\u00e9s sur la base du tarif factur\u00e9 et les frais de retour vous seront rembours\u00e9s sur pr\u00e9sentation des justificatifs.<\/p>\n<p class=\"article__item article__item--para\">Les dispositions de cet Article ne vous emp\u00eachent pas de b\u00e9n\u00e9ficier du droit de r\u00e9tractation pr\u00e9vu \u00e0 l&rsquo;article 6.<\/p>\n<p class=\"article__item article__item--question question\">Article 10 &#8211; Responsabilit\u00e9<\/p>\n<p class=\"article__item article__item--para\">Les produits propos\u00e9s sont conformes \u00e0 la l\u00e9gislation fran\u00e7aise en vigueur. La responsabilit\u00e9 de la galerie jean louis mandon ne saurait \u00eatre engag\u00e9e en cas de non-respect de la l\u00e9gislation du pays o\u00f9 le produit est livr\u00e9. Il vous appartient de v\u00e9rifier aupr\u00e8s des autorit\u00e9s locales les possibilit\u00e9s d&rsquo;importation ou d&rsquo;utilisation des produits ou services que vous envisagez de commander.<\/p>\n<p class=\"article__item article__item--para\">Par ailleurs, la galerie jean louis mandon ne saurait \u00eatre tenue pour responsable des dommages r\u00e9sultant d&rsquo;une mauvaise utilisation du produit achet\u00e9.<\/p>\n<p class=\"article__item article__item--para\">Enfin la responsabilit\u00e9 de la galerie jean louis mandon ne saurait \u00eatre engag\u00e9e pour tous les inconv\u00e9nients ou dommages inh\u00e9rents \u00e0 l&rsquo;utilisation du r\u00e9seau Internet, notamment une rupture de service, une intrusion ext\u00e9rieure ou la pr\u00e9sence de virus informatiques.<\/p>\n<p class=\"article__item article__item--question question\">Article 11 &#8211; Droit applicable en cas de litiges<\/p>\n<p class=\"article__item article__item--para\">La langue du pr\u00e9sent contrat est la langue fran\u00e7aise. Les pr\u00e9sentes conditions de vente sont soumises \u00e0 la loi fran\u00e7aise. En cas de litige, les tribunaux fran\u00e7ais seront les seuls comp\u00e9tents.<\/p>\n<p class=\"article__item article__item--question question\">Article 12 &#8211; Propri\u00e9t\u00e9 intellectuelle<\/p>\n<p class=\"article__item article__item--para\">Tous les \u00e9l\u00e9ments du site galeriejeanlouismandon.com sont et restent la propri\u00e9t\u00e9 intellectuelle et exclusive de la galerie jean louis mandon. Nul n&rsquo;est autoris\u00e9 \u00e0 reproduire, exploiter, rediffuser, ou utiliser \u00e0 quelque titre que ce soit, m\u00eame partiellement, des \u00e9l\u00e9ments du site qu&rsquo;ils soient logiciels, visuels ou sonores. Tout lien simple ou par hypertexte est strictement interdit sans un accord \u00e9crit expr\u00e8s de la soci\u00e9t\u00e9 galerie jean louis mandon.<\/p>\n<p class=\"article__item article__item--question question\">Article 13 &#8211; Donn\u00e9es personnelles<\/p>\n<p class=\"article__item article__item--para\">La soci\u00e9t\u00e9 galerie jean louis mandon se r\u00e9serve le droit de collecter les informations nominatives et les donn\u00e9es personnelles vous concernant. Elles sont n\u00e9cessaires \u00e0 la gestion de votre commande, ainsi qu&rsquo;\u00e0 l&rsquo;am\u00e9lioration des services et des informations que nous vous adressons.<\/p>\n<p class=\"article__item article__item--para\">Elles peuvent aussi \u00eatre transmises aux soci\u00e9t\u00e9s qui contribuent \u00e0 ces relations, telles que celles charg\u00e9es de l&rsquo;ex\u00e9cution des services et commandes pour leur gestion, ex\u00e9cution, traitement et paiement.<\/p>\n<p class=\"article__item article__item--para\">Ces informations et donn\u00e9es sont \u00e9galement conserv\u00e9es \u00e0 des fins de s\u00e9curit\u00e9, afin de respecter les obligations l\u00e9gales et r\u00e9glementaires.<\/p>\n<p class=\"article__item article__item--para\">Conform\u00e9ment \u00e0 la loi du 6 janvier 1978, vous disposez d&rsquo;un droit d&rsquo;acc\u00e8s, de rectification et d&rsquo;opposition aux informations nominatives et aux donn\u00e9es personnelles vous concernant, directement sur le site Internet.<\/p>\n<p class=\"article__item article__item--question question\">Article 14 &#8211; Archivage Preuve<\/p>\n<p class=\"article__item article__item--para\">La soci\u00e9t\u00e9 galerie jean louis mandon archivera les bons de commandes et les factures sur un support fiable et durable constituant une copie fid\u00e8le conform\u00e9ment aux dispositions de l&rsquo;article 1348 du Code civil.<\/p>\n<div id=\"divVideoStepAdBottom\" class=\"divVideoStep\"><\/div>\n<p>&nbsp;<\/p>\n<p class=\"article__item article__item--para\">","protected":false},"excerpt":{"rendered":"<p>galerie jean louis mandon Si\u00e8ge social : 3 rue vaubecour &#8211; 69002 &#8211; lyon N\u00b0 de t\u00e9l\u00e9phone : 0682996663 \u00a0courriel : galeriejeanlouismandon@gmail.com RCS 820 182 046\u00a0de lyon N\u00b0 individuel d&rsquo;identification fiscal : 1677239313365 Conditions g\u00e9n\u00e9rales de vente des produits vendus [&hellip;]<\/p>\n","protected":false},"author":1,"featured_media":0,"parent":0,"menu_order":0,"comment_status":"closed","ping_status":"closed","template":"","meta":[],"acf":[],"yoast_head":"<!-- This site is optimized with the Yoast SEO plugin v19.3 - https:\/\/yoast.com\/wordpress\/plugins\/seo\/ -->\n<title>Conditions g\u00e9n\u00e9rales de vente - galeriejeanlouismandon<\/title>\n<meta name=\"robots\" content=\"index, follow, max-snippet:-1, max-image-preview:large, max-video-preview:-1\" \/>\n<link rel=\"canonical\" href=\"https:\/\/galeriejeanlouismandon.com\/en\/4873-2\/\" \/>\n<meta property=\"og:locale\" content=\"en_US\" \/>\n<meta property=\"og:type\" content=\"article\" \/>\n<meta property=\"og:title\" content=\"Conditions g\u00e9n\u00e9rales de vente - galeriejeanlouismandon\" \/>\n<meta property=\"og:description\" content=\"galerie jean louis mandon Si\u00e8ge social : 3 rue vaubecour &#8211; 69002 &#8211; lyon N\u00b0 de t\u00e9l\u00e9phone : 0682996663 \u00a0courriel : galeriejeanlouismandon@gmail.com RCS 820 182 046\u00a0de lyon N\u00b0 individuel d&rsquo;identification fiscal : 1677239313365 Conditions g\u00e9n\u00e9rales de vente des produits vendus [&hellip;]\" \/>\n<meta property=\"og:url\" content=\"https:\/\/galeriejeanlouismandon.com\/en\/4873-2\/\" \/>\n<meta property=\"og:site_name\" content=\"galeriejeanlouismandon\" \/>\n<meta property=\"article:modified_time\" content=\"2020-11-18T14:59:34+00:00\" \/>\n<meta name=\"twitter:card\" content=\"summary_large_image\" \/>\n<meta name=\"twitter:label1\" content=\"Est. reading time\" \/>\n\t<meta name=\"twitter:data1\" content=\"10 minutes\" \/>\n<script type=\"application\/ld+json\" class=\"yoast-schema-graph\">{\"@context\":\"https:\/\/schema.org\",\"@graph\":[{\"@type\":\"WebSite\",\"@id\":\"https:\/\/galeriejeanlouismandon.com\/#website\",\"url\":\"https:\/\/galeriejeanlouismandon.com\/\",\"name\":\"galeriejeanlouismandon\",\"description\":\"Galerie d&#039;art\",\"potentialAction\":[{\"@type\":\"SearchAction\",\"target\":{\"@type\":\"EntryPoint\",\"urlTemplate\":\"https:\/\/galeriejeanlouismandon.com\/?s={search_term_string}\"},\"query-input\":\"required name=search_term_string\"}],\"inLanguage\":\"en-US\"},{\"@type\":\"WebPage\",\"@id\":\"https:\/\/galeriejeanlouismandon.com\/4873-2\/\",\"url\":\"https:\/\/galeriejeanlouismandon.com\/4873-2\/\",\"name\":\"Conditions g\u00e9n\u00e9rales de vente - galeriejeanlouismandon\",\"isPartOf\":{\"@id\":\"https:\/\/galeriejeanlouismandon.com\/#website\"},\"datePublished\":\"2020-11-18T13:43:14+00:00\",\"dateModified\":\"2020-11-18T14:59:34+00:00\",\"breadcrumb\":{\"@id\":\"https:\/\/galeriejeanlouismandon.com\/4873-2\/#breadcrumb\"},\"inLanguage\":\"en-US\",\"potentialAction\":[{\"@type\":\"ReadAction\",\"target\":[\"https:\/\/galeriejeanlouismandon.com\/4873-2\/\"]}]},{\"@type\":\"BreadcrumbList\",\"@id\":\"https:\/\/galeriejeanlouismandon.com\/4873-2\/#breadcrumb\",\"itemListElement\":[{\"@type\":\"ListItem\",\"position\":1,\"name\":\"Accueil\",\"item\":\"https:\/\/galeriejeanlouismandon.com\/\"},{\"@type\":\"ListItem\",\"position\":2,\"name\":\"Conditions g\u00e9n\u00e9rales de vente\"}]}]}<\/script>\n<!-- \/ Yoast SEO plugin. -->","yoast_head_json":{"title":"Conditions g\u00e9n\u00e9rales de vente - galeriejeanlouismandon","robots":{"index":"index","follow":"follow","max-snippet":"max-snippet:-1","max-image-preview":"max-image-preview:large","max-video-preview":"max-video-preview:-1"},"canonical":"https:\/\/galeriejeanlouismandon.com\/en\/4873-2\/","og_locale":"en_US","og_type":"article","og_title":"Conditions g\u00e9n\u00e9rales de vente - galeriejeanlouismandon","og_description":"galerie jean louis mandon Si\u00e8ge social : 3 rue vaubecour &#8211; 69002 &#8211; lyon N\u00b0 de t\u00e9l\u00e9phone : 0682996663 \u00a0courriel : galeriejeanlouismandon@gmail.com RCS 820 182 046\u00a0de lyon N\u00b0 individuel d&rsquo;identification fiscal : 1677239313365 Conditions g\u00e9n\u00e9rales de vente des produits vendus [&hellip;]","og_url":"https:\/\/galeriejeanlouismandon.com\/en\/4873-2\/","og_site_name":"galeriejeanlouismandon","article_modified_time":"2020-11-18T14:59:34+00:00","twitter_card":"summary_large_image","twitter_misc":{"Est. reading time":"10 minutes"},"schema":{"@context":"https:\/\/schema.org","@graph":[{"@type":"WebSite","@id":"https:\/\/galeriejeanlouismandon.com\/#website","url":"https:\/\/galeriejeanlouismandon.com\/","name":"galleryjeanlouismandon","description":"Galerie d&#039;art","potentialAction":[{"@type":"SearchAction","target":{"@type":"EntryPoint","urlTemplate":"https:\/\/galeriejeanlouismandon.com\/?s={search_term_string}"},"query-input":"required name=search_term_string"}],"inLanguage":"en-US"},{"@type":"WebPage","@id":"https:\/\/galeriejeanlouismandon.com\/4873-2\/","url":"https:\/\/galeriejeanlouismandon.com\/4873-2\/","name":"Conditions g\u00e9n\u00e9rales de vente - galeriejeanlouismandon","isPartOf":{"@id":"https:\/\/galeriejeanlouismandon.com\/#website"},"datePublished":"2020-11-18T13:43:14+00:00","dateModified":"2020-11-18T14:59:34+00:00","breadcrumb":{"@id":"https:\/\/galeriejeanlouismandon.com\/4873-2\/#breadcrumb"},"inLanguage":"en-US","potentialAction":[{"@type":"ReadAction","target":["https:\/\/galeriejeanlouismandon.com\/4873-2\/"]}]},{"@type":"BreadcrumbList","@id":"https:\/\/galeriejeanlouismandon.com\/4873-2\/#breadcrumb","itemListElement":[{"@type":"ListItem","position":1,"name":"Accueil","item":"https:\/\/galeriejeanlouismandon.com\/"},{"@type":"ListItem","position":2,"name":"Conditions g\u00e9n\u00e9rales de vente"}]}]}},"_links":{"self":[{"href":"https:\/\/galeriejeanlouismandon.com\/en\/wp-json\/wp\/v2\/pages\/4873"}],"collection":[{"href":"https:\/\/galeriejeanlouismandon.com\/en\/wp-json\/wp\/v2\/pages"}],"about":[{"href":"https:\/\/galeriejeanlouismandon.com\/en\/wp-json\/wp\/v2\/types\/page"}],"author":[{"embeddable":true,"href":"https:\/\/galeriejeanlouismandon.com\/en\/wp-json\/wp\/v2\/users\/1"}],"replies":[{"embeddable":true,"href":"https:\/\/galeriejeanlouismandon.com\/en\/wp-json\/wp\/v2\/comments?post=4873"}],"version-history":[{"count":9,"href":"https:\/\/galeriejeanlouismandon.com\/en\/wp-json\/wp\/v2\/pages\/4873\/revisions"}],"predecessor-version":[{"id":4883,"href":"https:\/\/galeriejeanlouismandon.com\/en\/wp-json\/wp\/v2\/pages\/4873\/revisions\/4883"}],"wp:attachment":[{"href":"https:\/\/galeriejeanlouismandon.com\/en\/wp-json\/wp\/v2\/media?parent=4873"}],"curies":[{"name":"wp","href":"https:\/\/api.w.org\/{rel}","templated":true}]}}