{"id":2946,"date":"2019-04-29T11:57:02","date_gmt":"2019-04-29T09:57:02","guid":{"rendered":"https:\/\/galeriejeanlouismandon.com\/?page_id=2946"},"modified":"2021-01-13T16:25:16","modified_gmt":"2021-01-13T15:25:16","slug":"mentions-legales","status":"publish","type":"page","link":"https:\/\/galeriejeanlouismandon.com\/en\/mentions-legales\/","title":{"rendered":"Legal Notice"},"content":{"rendered":"<div class=\"vc_row wpb_row vc_row-fluid\" ><div class=\"wpb_column vc_column_container vc_col-sm-12\"><div class=\"vc_column-inner vc_custom_1556532122126\"><div class=\"wpb_wrapper\">\n\t<div class=\"wpb_text_column wpb_content_element\" >\n\t\t<div class=\"wpb_wrapper\">\n\t\t\t<h3>ARTICLE 1: PREAMBLE<\/h3>\n<p>Cette politique de confidentialit\u00e9 s&rsquo;applique au site Galerie Jean louis mandon.<\/p>\n<p>La pr\u00e9sente politique de confidentialit\u00e9 a pour but d&rsquo;exposer aux utilisateurs du site :<\/p>\n<ul>\n<li>La mani\u00e8re dont sont collect\u00e9es et trait\u00e9es leurs donn\u00e9es \u00e0 caract\u00e8re personnel. Doivent \u00eatre consid\u00e9r\u00e9es comme donn\u00e9es personnelles toutes les donn\u00e9es \u00e9tant susceptibles d&rsquo;identifier un utilisateur. Il s&rsquo;agit notamment du pr\u00e9nom et du nom, de l&rsquo;\u00e2ge, de l&rsquo;adresse postale, l&rsquo;adresse mail, la localisation de l&rsquo;utilisateur ou encore son adresse IP ;<\/li>\n<li>What are the rights of users regarding this data;<\/li>\n<li>Who is responsible for the processing of personal data collected and processed;<\/li>\n<li>To whom this data is transmitted;<\/li>\n<li>\u00c9ventuellement, la politique du site en mati\u00e8re de fichiers \u00ab\u00a0cookies\u00a0\u00bb.<\/li>\n<\/ul>\n<h3>ARTICLE 2: GENERAL PRINCIPLES REGARDING THE COLLECTION AND PROCESSING OF DATA<\/h3>\n<p>Conform\u00e9ment aux dispositions de l&rsquo;article 5 du R\u00e8glement europ\u00e9en 2016\/679, la collecte et le traitement des donn\u00e9es des utilisateurs du site respectent les principes suivants :<\/p>\n<ul>\n<li>Lic\u00e9it\u00e9, loyaut\u00e9 et transparence : les donn\u00e9es ne peuvent \u00eatre collect\u00e9es et trait\u00e9es qu&rsquo;avec le consentement de l&rsquo;utilisateur propri\u00e9taire des donn\u00e9es. A chaque fois que des donn\u00e9es \u00e0 caract\u00e8re personnel seront collect\u00e9es, il sera indiqu\u00e9 \u00e0 l&rsquo;utilisateur que ses donn\u00e9es sont collect\u00e9es, et pour quelles raisons ses donn\u00e9es sont collect\u00e9es ;<\/li>\n<li>Finalit\u00e9s limit\u00e9es : la collecte et le traitement des donn\u00e9es sont ex\u00e9cut\u00e9s pour r\u00e9pondre \u00e0 un ou plusieurs objectifs d\u00e9termin\u00e9s dans les pr\u00e9sentes conditions g\u00e9n\u00e9rales d&rsquo;utilisation ;<\/li>\n<li>Minimization of data collection and processing: only the data necessary for the proper execution of the objectives pursued by the site are collected;<\/li>\n<li>Conservation des donn\u00e9es r\u00e9duites dans le temps : les donn\u00e9es sont conserv\u00e9es pour une dur\u00e9e limit\u00e9e, dont l&rsquo;utilisateur est inform\u00e9.<\/li>\n<li>Int\u00e9grit\u00e9 et confidentialit\u00e9 des donn\u00e9es collect\u00e9es et trait\u00e9es : le responsable du traitement des donn\u00e9es s&rsquo;engage \u00e0 garantir l&rsquo;int\u00e9grit\u00e9 et la confidentialit\u00e9 des donn\u00e9es collect\u00e9es.<\/li>\n<\/ul>\n<p>Afin d&rsquo;\u00eatre licites, et ce conform\u00e9ment aux exigences de l&rsquo;article 6 du r\u00e8glement europ\u00e9en 2016\/679, la collecte et le traitement des donn\u00e9es \u00e0 caract\u00e8re personnel ne pourront intervenir que s&rsquo;ils respectent au moins l&rsquo;une des conditions ci-apr\u00e8s \u00e9num\u00e9r\u00e9es :<\/p>\n<ul>\n<li>L&rsquo;utilisateur a express\u00e9ment consenti au traitement ;<\/li>\n<li>Le traitement est n\u00e9cessaire \u00e0 la bonne ex\u00e9cution d&rsquo;un contrat ;<\/li>\n<li>The processing meets a legal obligation;<\/li>\n<li>Le traitement s&rsquo;explique par une n\u00e9cessit\u00e9 li\u00e9e \u00e0 la sauvegarde des int\u00e9r\u00eats vitaux de la personne concern\u00e9e ou d&rsquo;une autre personne physique ;<\/li>\n<li>Le traitement peut s&rsquo;expliquer par une n\u00e9cessit\u00e9 li\u00e9e \u00e0 l&rsquo;ex\u00e9cution d&rsquo;une mission d&rsquo;int\u00e9r\u00eat public ou qui rel\u00e8ve de l&rsquo;exercice de l&rsquo;autorit\u00e9 publique ;<\/li>\n<li>The processing and collection of personal data is necessary for the purposes of the legitimate and private interests pursued by the controller or by a third party.<\/li>\n<\/ul>\n<h3>ARTICLE 3: PERSONAL DATA COLLECTED AND PROCESSED IN THE CONTEXT OF NAVIGATION ON THE SITE<\/h3>\n<h4>A. DATA COLLECTED AND PROCESSED AND METHOD OF COLLECTION<\/h4>\n<p>The personal data collected on the jean louis mandon gallery site are as follows:<\/p>\n<ul>\n<li>Last names<\/li>\n<li>First names<\/li>\n<li>emails<\/li>\n<li>IP addresses<\/li>\n<\/ul>\n<p>Ces donn\u00e9es sont collect\u00e9es lorsque l&rsquo;utilisateur effectue l&rsquo;une des op\u00e9rations suivantes sur le site :<\/p>\n<ul>\n<li>Lorsqu&rsquo;un formulaire est rempli et envoy\u00e9<\/li>\n<li>When a user visits our website, and the Google Analytics script is triggered, to monitor site performance.<\/li>\n<\/ul>\n<p>Le responsable du traitement conservera dans ses syst\u00e8mes informatiques du site et dans des conditions raisonnables de s\u00e9curit\u00e9 l&rsquo;ensemble des donn\u00e9es collect\u00e9es pour une dur\u00e9e de : 3 ans.<\/p>\n<p>The collection and processing of data serve the following purposes:<\/p>\n<p>The data collected following the completion of the contact form makes it possible to respond better and faster to the questions expressed. The data is therefore stored in our Gmail mailbox.<\/p>\n<h4>B. TRANSMISSION OF DATA TO THIRD PARTIES<\/h4>\n<p>Les donn\u00e9es \u00e0 caract\u00e8re personnel collect\u00e9es par le site ne sont transmises \u00e0 aucun tiers, et ne sont trait\u00e9es que par l&rsquo;\u00e9diteur du site.<\/p>\n<h4>C. HOSTING OF DATA<\/h4>\n<p>The jean louis mandon gallery site is hosted by:<\/p>\n<p><strong>OVH<\/strong>, dont le si\u00e8ge est situ\u00e9 \u00e0 l&rsquo;adresse ci-apr\u00e8s :<\/p>\n<p>Headquarters: 2 Rue Kellermann, 59100 Roubaix<\/p>\n<p>L&rsquo;h\u00e9bergeur peut \u00eatre contact\u00e9 \u00e0 l\u2019adresse postale ci-dessus.<\/p>\n<p>The data collected and processed by the site are hosted and processed exclusively in France.<\/p>\n<h3>ARTICLE 4: RESPONSIBLE FOR DATA PROCESSING<\/h3>\n<h4>A. THE PERSON RESPONSIBLE FOR DATA PROCESSING<\/h4>\n<p>The person responsible for processing personal data is:<\/p>\n<p><strong>Dominique Gaudin<br \/>\n<\/strong><\/p>\n<p>He can be contacted as follows:<\/p>\n<p>The data controller can be contacted via this email address:\u00a0 <a href=\"mailto:dodogaudinlyon@gmail.com\">dodogaudinlyon@gmail.com<\/a> or by post to Galerie Jean Louis Mandon, 3 rue Vaubecour - 69002 Lyon France.<\/p>\n<p>The data controller is responsible for determining the purposes and means used for the processing of personal data.<\/p>\n<h4>B. OBLIGATIONS OF THE DATA CONTROLLER<\/h4>\n<p>Le responsable du traitement s&rsquo;engage \u00e0 prot\u00e9ger les donn\u00e9es \u00e0 caract\u00e8re personnel collect\u00e9es, \u00e0 ne pas les transmettre \u00e0 des tiers sans que l&rsquo;utilisateur n&rsquo;en ait \u00e9t\u00e9 inform\u00e9 et \u00e0 respecter les finalit\u00e9s pour lesquelles ces donn\u00e9es ont \u00e9t\u00e9 collect\u00e9es.<\/p>\n<p>Dans le cas o\u00f9 l&rsquo;int\u00e9grit\u00e9, la confidentialit\u00e9 ou la s\u00e9curit\u00e9 des donn\u00e9es \u00e0 caract\u00e8re personnel de l&rsquo;utilisateur est compromise, le responsable du traitement s&rsquo;engage \u00e0 informer l&rsquo;utilisateur par tout moyen.<\/p>\n<h3>ARTICLE 5 : DROITS DE L&rsquo;UTILISATEUR<\/h3>\n<p>Conform\u00e9ment \u00e0 la r\u00e9glementation concernant le traitement des donn\u00e9es \u00e0 caract\u00e8re personnel, l&rsquo;utilisateur poss\u00e8de les droits ci-apr\u00e8s \u00e9num\u00e9r\u00e9s.<\/p>\n<p>Afin que le responsable du traitement des donn\u00e9es fasse droit \u00e0 sa demande, l&rsquo;utilisateur est tenu de lui communiquer : ses pr\u00e9nom et nom ainsi que son adresse e-mail.<\/p>\n<p>Le responsable du traitement des donn\u00e9es est tenu de r\u00e9pondre \u00e0 l&rsquo;utilisateur dans un d\u00e9lai de 30 (trente) jours maximum.<\/p>\n<h4>A. PR\u00c9SENTATION DES DROITS DE L&rsquo;UTILISATEUR EN MATI\u00c8RE DE COLLECTE ET TRAITEMENT DE DONN\u00c9ES<\/h4>\n<h5>a. Droit d&rsquo;acc\u00e8s, de rectification et droit \u00e0 l&rsquo;effacement<\/h5>\n<p>L&rsquo;utilisateur peut prendre connaissance, mettre \u00e0 jour, modifier ou demander la suppression des donn\u00e9es le concernant, en respectant la proc\u00e9dure ci-apr\u00e8s \u00e9nonc\u00e9e :<\/p>\n<p>L&rsquo;utilisateur doit envoyer un e-mail au responsable du traitement des donn\u00e9es personnelles, en pr\u00e9cisant l&rsquo;objet de sa demande et en utilisant l&rsquo;adresse e-mail de contact fournie plus haut.<\/p>\n<h5>b. Right to data portability<\/h5>\n<p>L&rsquo;utilisateur a le droit de demander la portabilit\u00e9 de ses donn\u00e9es personnelles, d\u00e9tenues par le site, vers un autre site, en se conformant \u00e0 la proc\u00e9dure ci-apr\u00e8s :<\/p>\n<p>L&rsquo;utilisateur doit envoyer un e-mail au responsable du traitement des donn\u00e9es personnelles, en pr\u00e9cisant l&rsquo;objet de sa demande et en utilisant l&rsquo;adresse e-mail de contact fournie plus haut.<\/p>\n<h5>c. Droit \u00e0 la limitation et \u00e0 l&rsquo;opposition du traitement des donn\u00e9es<\/h5>\n<p>L&rsquo;utilisateur a le droit de demander la limitation ou de s&rsquo;opposer au traitement de ses donn\u00e9es par le site, sans que le site ne puisse refuser, sauf \u00e0 d\u00e9montrer l&rsquo;existence de motifs l\u00e9gitimes et imp\u00e9rieux, pouvant pr\u00e9valoir sur les int\u00e9r\u00eats et les droits et libert\u00e9s de l&rsquo;utilisateur.<\/p>\n<p>Afin de demander la limitation du traitement de ses donn\u00e9es ou de formuler une opposition au traitement de ses donn\u00e9es, l&rsquo;utilisateur doit suivre la proc\u00e9dure suivante :<\/p>\n<p>L&rsquo;utilisateur doit envoyer un e-mail au responsable du traitement des donn\u00e9es personnelles, en pr\u00e9cisant l&rsquo;objet de sa demande et en utilisant l&rsquo;adresse e-mail de contact fournie plus haut.<\/p>\n<h5>d. Droit de ne pas faire l&rsquo;objet d&rsquo;une d\u00e9cision fond\u00e9e exclusivement sur un proc\u00e9d\u00e9 automatis\u00e9<\/h5>\n<p>Conform\u00e9ment aux disposition du r\u00e8glement 2016\/679, l&rsquo;utilisateur a le droit de ne pas faire l&rsquo;objet d&rsquo;une d\u00e9cision fond\u00e9e exclusivement sur un proc\u00e9d\u00e9 automatis\u00e9 si la d\u00e9cision produit des effets juridiques le concernant, ou l&rsquo;affecte de mani\u00e8re significative de fa\u00e7on similaire.<\/p>\n<h5>e. Right to determine the fate of data after death<\/h5>\n<p>Il est rappel\u00e9 \u00e0 l&rsquo;utilisateur qu&rsquo;il peut organiser quel doit \u00eatre le devenir de ses donn\u00e9es collect\u00e9es et trait\u00e9es s&rsquo;il d\u00e9c\u00e8de, conform\u00e9ment \u00e0 la loi n\u00b02016-1321 du 7 octobre 2016.<\/p>\n<h5>f. Droit de saisir l&rsquo;autorit\u00e9 de contr\u00f4le comp\u00e9tente<\/h5>\n<p>Dans le cas o\u00f9 le responsable du traitement des donn\u00e9es d\u00e9cide de ne pas r\u00e9pondre \u00e0 la demande de l&rsquo;utilisateur, et que l&rsquo;utilisateur souhaite contester cette d\u00e9cision, ou, s&rsquo;il pense qu&rsquo;il est port\u00e9 atteinte \u00e0 l&rsquo;un des droits \u00e9num\u00e9r\u00e9s ci-dessus, il est en droit de saisir la CNIL (Commission Nationale de l&rsquo;Informatique et des Libert\u00e9s, https:\/\/www.cnil.fr) ou tout juge comp\u00e9tent.<\/p>\n<h4>B. PERSONAL DATA OF MINORS<\/h4>\n<p>Conform\u00e9ment aux dispositions de l&rsquo;article 8 du r\u00e8glement europ\u00e9en 2016\/679 et \u00e0 la loi Informatique et Libert\u00e9s, seuls les mineurs \u00e2g\u00e9s de 15 ans ou plus peuvent consentir au traitement de leurs donn\u00e9es personnelles.<\/p>\n<p>Si l&rsquo;utilisateur est un mineur de moins de 15 ans, l&rsquo;accord d&rsquo;un repr\u00e9sentant l\u00e9gal sera requis afin que des donn\u00e9es \u00e0 caract\u00e8re personnel puissent \u00eatre collect\u00e9es et trait\u00e9es.<\/p>\n<p>L&rsquo;\u00e9diteur du site se r\u00e9serve le droit de v\u00e9rifier par tout moyen que l&rsquo;utilisateur est \u00e2g\u00e9 de plus de 15 ans, ou qu&rsquo;il aura obtenu l&rsquo;accord d&rsquo;un repr\u00e9sentant l\u00e9gal avant de naviguer sur le site.<\/p>\n<h3>ARTICLE 6 : UTILISATION DES FICHIERS \u00ab\u00a0COOKIES\u00a0\u00bb<\/h3>\n<p>Le site a \u00e9ventuellement recours aux techniques de \u00ab\u00a0cookies\u00a0\u00bb.<\/p>\n<p>Un \u00ab\u00a0cookie\u00a0\u00bb est un fichier de petite taille (moins de 4 ko), stock\u00e9 par le site sur le disque dur de l&rsquo;utilisateur, contenant des informations relatives aux habitudes de navigation de l&rsquo;utilisateur.<\/p>\n<p>Ces fichiers lui permettent de traiter des statistiques et des informations sur le trafic, de faciliter la navigation et d&rsquo;am\u00e9liorer le service pour le confort de l&rsquo;utilisateur.<\/p>\n<p>Pour l&rsquo;utilisation de fichiers \u00ab\u00a0cookies\u00a0\u00bb impliquant la sauvegarde et l&rsquo;analyse de donn\u00e9es \u00e0 caract\u00e8re personnel, le consentement de l&rsquo;utilisateur est n\u00e9cessairement demand\u00e9.<\/p>\n<p>Ce consentement de l&rsquo;utilisateur est consid\u00e9r\u00e9 comme valide pour une dur\u00e9e de 13 (treize) mois maximum. A l&rsquo;issue de cette p\u00e9riode, le site demandera \u00e0 nouveau l&rsquo;autorisation de l&rsquo;utilisateur pour enregistrer des fichiers \u00ab\u00a0cookies\u00a0\u00bb sur son disque dur.<\/p>\n<h5>a. Opposition de l&rsquo;utilisateur \u00e0 l&rsquo;utilisation de fichiers \u00ab\u00a0cookies\u00a0\u00bb par le site<\/h5>\n<p>Il est port\u00e9 \u00e0 la connaissance de l&rsquo;utilisateur qu&rsquo;il peut s&rsquo;opposer \u00e0 l&rsquo;enregistrement de ces fichiers \u00ab\u00a0cookies\u00a0\u00bb en configurant son logiciel de navigation.<\/p>\n<p>Pour information, l&rsquo;utilisateur peut trouver aux adresses suivantes les d\u00e9marches \u00e0 suivre afin de configurer son logiciel de navigation pour s&rsquo;opposer \u00e0 l&rsquo;enregistrement des fichiers \u00ab\u00a0cookies\u00a0\u00bb :<\/p>\n<ul>\n<li>Chrome : <a href=\"https:\/\/support.google.com\/accounts\/answer\/61416?hl=fr\">https:\/\/support.google.com\/accounts\/answer\/61416?hl=fr<\/a><\/li>\n<li>Firefox : <a href=\"https:\/\/support.mozilla.org\/en-us\/kb\/enable-and-disable-cookies-website-preferences\">https:\/\/support.mozilla.org\/en-us\/kb\/enable-and-disable-cookies-website-preferences<\/a><\/li>\n<li>Safari : <a href=\"http:\/\/www.apple.com\/legal\/privacy\/fr\/\">http:\/\/www.apple.com\/legal\/privacy\/fr\/<\/a><\/li>\n<li>Internet Explorer : <a href=\"http:\/\/windows.microsoft.com\/en-us\/windows-vista\/block-or-allow-cookies\">http:\/\/windows.microsoft.com\/en-us\/windows-vista\/block-or-allow-cookies<\/a><\/li>\n<li>Opera : <a href=\"http:\/\/www.opera.com\/help\/tutorials\/security\/cookies\/\">http:\/\/www.opera.com\/help\/tutorials\/security\/cookies\/<\/a><\/li>\n<\/ul>\n<p>Dans le cas o\u00f9 l&rsquo;utilisateur d\u00e9cide de d\u00e9sactiver les fichiers \u00ab\u00a0cookies\u00a0\u00bb, il pourra poursuivre sa navigation sur le site. Toutefois, tout dysfonctionnement du site provoqu\u00e9 par cette manipulation ne pourrait \u00eatre consid\u00e9r\u00e9 comme \u00e9tant du fait de l&rsquo;\u00e9diteur du site.<\/p>\n<h5>b. Description des principaux fichiers \u00ab\u00a0cookies\u00a0\u00bb utilis\u00e9s par le site<\/h5>\n<p>L&rsquo;\u00e9diteur du site attire l&rsquo;attention de l&rsquo;utilisateur sur le fait que les cookies suivants sont utilis\u00e9s lors de sa navigation :<\/p>\n<p>Cookie name: Google Analytics<\/p>\n<ul>\n<li>Issuer: galerie jean louis mandon<\/li>\n<li>Finalit\u00e9 : Analyse de l&rsquo;audience<\/li>\n<\/ul>\n\n\t\t<\/div>\n\t<\/div>\n<\/div><\/div><\/div><\/div>","protected":false},"excerpt":{"rendered":"ARTICLE 1 : PR\u00c9AMBULE Cette politique de confidentialit\u00e9 s'applique au site Galerie Jean louis mandon. La pr\u00e9sente politique de confidentialit\u00e9 a pour but d'exposer aux utilisateurs du site : La mani\u00e8re dont sont collect\u00e9es et trait\u00e9es leurs donn\u00e9es \u00e0 caract\u00e8re [...]","protected":false},"author":1,"featured_media":0,"parent":0,"menu_order":0,"comment_status":"closed","ping_status":"closed","template":"","meta":[],"acf":[],"yoast_head":"<!-- This site is optimized with the Yoast SEO plugin v19.3 - https:\/\/yoast.com\/wordpress\/plugins\/seo\/ -->\n<title>Mentions l\u00e9gales - galeriejeanlouismandon<\/title>\n<meta name=\"robots\" content=\"index, follow, max-snippet:-1, max-image-preview:large, max-video-preview:-1\" \/>\n<link rel=\"canonical\" href=\"https:\/\/galeriejeanlouismandon.com\/en\/mentions-legales\/\" \/>\n<meta property=\"og:locale\" content=\"en_US\" \/>\n<meta property=\"og:type\" content=\"article\" \/>\n<meta property=\"og:title\" content=\"Mentions l\u00e9gales - galeriejeanlouismandon\" \/>\n<meta property=\"og:url\" content=\"https:\/\/galeriejeanlouismandon.com\/en\/mentions-legales\/\" \/>\n<meta property=\"og:site_name\" content=\"galeriejeanlouismandon\" \/>\n<meta property=\"article:modified_time\" content=\"2021-01-13T15:25:16+00:00\" \/>\n<meta name=\"twitter:card\" content=\"summary_large_image\" \/>\n<meta name=\"twitter:label1\" content=\"Est. reading time\" \/>\n\t<meta name=\"twitter:data1\" content=\"10 minutes\" \/>\n<script type=\"application\/ld+json\" class=\"yoast-schema-graph\">{\"@context\":\"https:\/\/schema.org\",\"@graph\":[{\"@type\":\"WebSite\",\"@id\":\"https:\/\/galeriejeanlouismandon.com\/#website\",\"url\":\"https:\/\/galeriejeanlouismandon.com\/\",\"name\":\"galeriejeanlouismandon\",\"description\":\"Galerie d&#039;art\",\"potentialAction\":[{\"@type\":\"SearchAction\",\"target\":{\"@type\":\"EntryPoint\",\"urlTemplate\":\"https:\/\/galeriejeanlouismandon.com\/?s={search_term_string}\"},\"query-input\":\"required name=search_term_string\"}],\"inLanguage\":\"en-US\"},{\"@type\":\"WebPage\",\"@id\":\"https:\/\/galeriejeanlouismandon.com\/mentions-legales\/\",\"url\":\"https:\/\/galeriejeanlouismandon.com\/mentions-legales\/\",\"name\":\"Mentions l\u00e9gales - galeriejeanlouismandon\",\"isPartOf\":{\"@id\":\"https:\/\/galeriejeanlouismandon.com\/#website\"},\"datePublished\":\"2019-04-29T09:57:02+00:00\",\"dateModified\":\"2021-01-13T15:25:16+00:00\",\"breadcrumb\":{\"@id\":\"https:\/\/galeriejeanlouismandon.com\/mentions-legales\/#breadcrumb\"},\"inLanguage\":\"en-US\",\"potentialAction\":[{\"@type\":\"ReadAction\",\"target\":[\"https:\/\/galeriejeanlouismandon.com\/mentions-legales\/\"]}]},{\"@type\":\"BreadcrumbList\",\"@id\":\"https:\/\/galeriejeanlouismandon.com\/mentions-legales\/#breadcrumb\",\"itemListElement\":[{\"@type\":\"ListItem\",\"position\":1,\"name\":\"Accueil\",\"item\":\"https:\/\/galeriejeanlouismandon.com\/\"},{\"@type\":\"ListItem\",\"position\":2,\"name\":\"Mentions l\u00e9gales\"}]}]}<\/script>\n<!-- \/ Yoast SEO plugin. -->","yoast_head_json":{"title":"Mentions l\u00e9gales - galeriejeanlouismandon","robots":{"index":"index","follow":"follow","max-snippet":"max-snippet:-1","max-image-preview":"max-image-preview:large","max-video-preview":"max-video-preview:-1"},"canonical":"https:\/\/galeriejeanlouismandon.com\/en\/mentions-legales\/","og_locale":"en_US","og_type":"article","og_title":"Mentions l\u00e9gales - galeriejeanlouismandon","og_url":"https:\/\/galeriejeanlouismandon.com\/en\/mentions-legales\/","og_site_name":"galeriejeanlouismandon","article_modified_time":"2021-01-13T15:25:16+00:00","twitter_card":"summary_large_image","twitter_misc":{"Est. reading time":"10 minutes"},"schema":{"@context":"https:\/\/schema.org","@graph":[{"@type":"WebSite","@id":"https:\/\/galeriejeanlouismandon.com\/#website","url":"https:\/\/galeriejeanlouismandon.com\/","name":"galleryjeanlouismandon","description":"Galerie d&#039;art","potentialAction":[{"@type":"SearchAction","target":{"@type":"EntryPoint","urlTemplate":"https:\/\/galeriejeanlouismandon.com\/?s={search_term_string}"},"query-input":"required name=search_term_string"}],"inLanguage":"en-US"},{"@type":"WebPage","@id":"https:\/\/galeriejeanlouismandon.com\/mentions-legales\/","url":"https:\/\/galeriejeanlouismandon.com\/mentions-legales\/","name":"Mentions l\u00e9gales - galeriejeanlouismandon","isPartOf":{"@id":"https:\/\/galeriejeanlouismandon.com\/#website"},"datePublished":"2019-04-29T09:57:02+00:00","dateModified":"2021-01-13T15:25:16+00:00","breadcrumb":{"@id":"https:\/\/galeriejeanlouismandon.com\/mentions-legales\/#breadcrumb"},"inLanguage":"en-US","potentialAction":[{"@type":"ReadAction","target":["https:\/\/galeriejeanlouismandon.com\/mentions-legales\/"]}]},{"@type":"BreadcrumbList","@id":"https:\/\/galeriejeanlouismandon.com\/mentions-legales\/#breadcrumb","itemListElement":[{"@type":"ListItem","position":1,"name":"Accueil","item":"https:\/\/galeriejeanlouismandon.com\/"},{"@type":"ListItem","position":2,"name":"Mentions l\u00e9gales"}]}]}},"_links":{"self":[{"href":"https:\/\/galeriejeanlouismandon.com\/en\/wp-json\/wp\/v2\/pages\/2946"}],"collection":[{"href":"https:\/\/galeriejeanlouismandon.com\/en\/wp-json\/wp\/v2\/pages"}],"about":[{"href":"https:\/\/galeriejeanlouismandon.com\/en\/wp-json\/wp\/v2\/types\/page"}],"author":[{"embeddable":true,"href":"https:\/\/galeriejeanlouismandon.com\/en\/wp-json\/wp\/v2\/users\/1"}],"replies":[{"embeddable":true,"href":"https:\/\/galeriejeanlouismandon.com\/en\/wp-json\/wp\/v2\/comments?post=2946"}],"version-history":[{"count":3,"href":"https:\/\/galeriejeanlouismandon.com\/en\/wp-json\/wp\/v2\/pages\/2946\/revisions"}],"predecessor-version":[{"id":5044,"href":"https:\/\/galeriejeanlouismandon.com\/en\/wp-json\/wp\/v2\/pages\/2946\/revisions\/5044"}],"wp:attachment":[{"href":"https:\/\/galeriejeanlouismandon.com\/en\/wp-json\/wp\/v2\/media?parent=2946"}],"curies":[{"name":"wp","href":"https:\/\/api.w.org\/{rel}","templated":true}]}}